{"id":52,"date":"2026-02-14T16:31:52","date_gmt":"2026-02-14T15:31:52","guid":{"rendered":"https:\/\/saunie.net\/galeria\/"},"modified":"2026-02-14T16:33:41","modified_gmt":"2026-02-14T15:33:41","slug":"galeria","status":"publish","type":"page","link":"https:\/\/saunie.net\/en\/galeria\/","title":{"rendered":"Galeria"},"content":{"rendered":"<div class=\"wp-block-group alignfull is-style-ext-preset--group--natural-1--section has-background-background-color has-background has-global-padding is-layout-constrained wp-container-core-group-is-layout-f72f1611 wp-block-group-is-layout-constrained\" id=\"galeria\" style=\"margin-top:0;margin-bottom:0;padding-top:var(--wp--preset--spacing--70);padding-bottom:var(--wp--preset--spacing--70)\">\n<div class=\"wp-block-group alignwide is-vertical is-layout-flex wp-container-core-group-is-layout-c35747d5 wp-block-group-is-layout-flex\">\n<div class=\"wp-block-group has-global-padding is-layout-constrained wp-container-core-group-is-layout-5e05634a wp-block-group-is-layout-constrained\">\n<h2 class=\"wp-block-heading\">Ekskluzywne czapki do sauny klasy premium<\/h2>\n\n\n\n<p class=\"has-text-align-left\">Galeria przedstawia unikalne zdj\u0119cia naszych naturalnych akcesori\u00f3w saunowych<\/p>\n<\/div>\n<\/div>\n\n\n\n<div class=\"wp-block-columns alignwide is-layout-flex wp-container-core-columns-is-layout-87beb0d0 wp-block-columns-is-layout-flex\">\n<div class=\"wp-block-column is-vertically-aligned-top is-layout-flow wp-container-core-column-is-layout-f5bb311e wp-block-column-is-layout-flow\">\n<figure class=\"wp-block-image is-style-ext-preset--image--natural-1--image-1--content-bottom is-style-ext-preset--image--natural-1--image-1--content-bottom--2\"><img loading=\"lazy\" decoding=\"async\" width=\"1440\" height=\"960\" class=\"wp-image-90\" src=\"https:\/\/saunie.net\/wp-content\/uploads\/2026\/02\/3833f37e7f0236b5627213db20b5d5ce71d133f6.jpg\" alt=\"\" style=\"aspect-ratio:1;object-fit:cover\" srcset=\"https:\/\/saunie.net\/wp-content\/uploads\/2026\/02\/3833f37e7f0236b5627213db20b5d5ce71d133f6.jpg 1440w, https:\/\/saunie.net\/wp-content\/uploads\/2026\/02\/3833f37e7f0236b5627213db20b5d5ce71d133f6-300x200.jpg 300w, https:\/\/saunie.net\/wp-content\/uploads\/2026\/02\/3833f37e7f0236b5627213db20b5d5ce71d133f6-1024x683.jpg 1024w, https:\/\/saunie.net\/wp-content\/uploads\/2026\/02\/3833f37e7f0236b5627213db20b5d5ce71d133f6-768x512.jpg 768w, https:\/\/saunie.net\/wp-content\/uploads\/2026\/02\/3833f37e7f0236b5627213db20b5d5ce71d133f6-18x12.jpg 18w, https:\/\/saunie.net\/wp-content\/uploads\/2026\/02\/3833f37e7f0236b5627213db20b5d5ce71d133f6-600x400.jpg 600w\" sizes=\"auto, (max-width: 1440px) 100vw, 1440px\" \/><\/figure>\n\n\n\n<figure class=\"wp-block-image is-style-ext-preset--image--natural-1--image-1--content-right is-style-ext-preset--image--natural-1--image-1--content-right--3\"><img loading=\"lazy\" decoding=\"async\" width=\"1440\" height=\"900\" class=\"wp-image-92\" src=\"https:\/\/saunie.net\/wp-content\/uploads\/2026\/02\/31fa7ba470da0d4210b3faec7dbf4b7eb66f1e5e.jpg\" alt=\"\" style=\"aspect-ratio:4\/3;object-fit:cover\" srcset=\"https:\/\/saunie.net\/wp-content\/uploads\/2026\/02\/31fa7ba470da0d4210b3faec7dbf4b7eb66f1e5e.jpg 1440w, https:\/\/saunie.net\/wp-content\/uploads\/2026\/02\/31fa7ba470da0d4210b3faec7dbf4b7eb66f1e5e-300x188.jpg 300w, https:\/\/saunie.net\/wp-content\/uploads\/2026\/02\/31fa7ba470da0d4210b3faec7dbf4b7eb66f1e5e-1024x640.jpg 1024w, https:\/\/saunie.net\/wp-content\/uploads\/2026\/02\/31fa7ba470da0d4210b3faec7dbf4b7eb66f1e5e-768x480.jpg 768w, https:\/\/saunie.net\/wp-content\/uploads\/2026\/02\/31fa7ba470da0d4210b3faec7dbf4b7eb66f1e5e-18x12.jpg 18w, https:\/\/saunie.net\/wp-content\/uploads\/2026\/02\/31fa7ba470da0d4210b3faec7dbf4b7eb66f1e5e-600x375.jpg 600w\" sizes=\"auto, (max-width: 1440px) 100vw, 1440px\" \/><\/figure>\n<\/div>\n\n\n\n<div class=\"wp-block-column is-vertically-aligned-top is-layout-flow wp-container-core-column-is-layout-f5bb311e wp-block-column-is-layout-flow\">\n<figure class=\"wp-block-image is-style-ext-preset--image--natural-1--image-1--content-left is-style-ext-preset--image--natural-1--image-1--content-left--4\"><img loading=\"lazy\" decoding=\"async\" width=\"1440\" height=\"960\" class=\"wp-image-93\" src=\"https:\/\/saunie.net\/wp-content\/uploads\/2026\/02\/a54ae33a7a06a716b3be907b5aea683812a872d8.jpg\" alt=\"\" style=\"aspect-ratio:4\/3;object-fit:cover\" srcset=\"https:\/\/saunie.net\/wp-content\/uploads\/2026\/02\/a54ae33a7a06a716b3be907b5aea683812a872d8.jpg 1440w, https:\/\/saunie.net\/wp-content\/uploads\/2026\/02\/a54ae33a7a06a716b3be907b5aea683812a872d8-300x200.jpg 300w, https:\/\/saunie.net\/wp-content\/uploads\/2026\/02\/a54ae33a7a06a716b3be907b5aea683812a872d8-1024x683.jpg 1024w, https:\/\/saunie.net\/wp-content\/uploads\/2026\/02\/a54ae33a7a06a716b3be907b5aea683812a872d8-768x512.jpg 768w, https:\/\/saunie.net\/wp-content\/uploads\/2026\/02\/a54ae33a7a06a716b3be907b5aea683812a872d8-18x12.jpg 18w, https:\/\/saunie.net\/wp-content\/uploads\/2026\/02\/a54ae33a7a06a716b3be907b5aea683812a872d8-600x400.jpg 600w\" sizes=\"auto, (max-width: 1440px) 100vw, 1440px\" \/><\/figure>\n\n\n\n<figure class=\"wp-block-image is-style-ext-preset--image--natural-1--image-1--content-left is-style-ext-preset--image--natural-1--image-1--content-left--5\"><img loading=\"lazy\" decoding=\"async\" width=\"1440\" height=\"900\" class=\"wp-image-94\" src=\"https:\/\/saunie.net\/wp-content\/uploads\/2026\/02\/3a297bbecd32b5aba8695499460de4de7e07afa6.jpg\" alt=\"\" style=\"aspect-ratio:1;object-fit:cover\" srcset=\"https:\/\/saunie.net\/wp-content\/uploads\/2026\/02\/3a297bbecd32b5aba8695499460de4de7e07afa6.jpg 1440w, https:\/\/saunie.net\/wp-content\/uploads\/2026\/02\/3a297bbecd32b5aba8695499460de4de7e07afa6-300x188.jpg 300w, https:\/\/saunie.net\/wp-content\/uploads\/2026\/02\/3a297bbecd32b5aba8695499460de4de7e07afa6-1024x640.jpg 1024w, https:\/\/saunie.net\/wp-content\/uploads\/2026\/02\/3a297bbecd32b5aba8695499460de4de7e07afa6-768x480.jpg 768w, https:\/\/saunie.net\/wp-content\/uploads\/2026\/02\/3a297bbecd32b5aba8695499460de4de7e07afa6-18x12.jpg 18w, https:\/\/saunie.net\/wp-content\/uploads\/2026\/02\/3a297bbecd32b5aba8695499460de4de7e07afa6-600x375.jpg 600w\" sizes=\"auto, (max-width: 1440px) 100vw, 1440px\" \/><\/figure>\n<\/div>\n<\/div>\n<\/div>\n\n<div class=\"wp-block-group alignfull is-style-ext-preset--group--natural-1--section has-tertiary-background-color has-background has-global-padding is-layout-constrained wp-block-group-is-layout-constrained\" style=\"margin-top:0;margin-bottom:0;padding-top:var(--wp--preset--spacing--70);padding-bottom:var(--wp--preset--spacing--70)\">\n<div class=\"wp-block-columns alignwide are-vertically-aligned-center is-layout-flex wp-container-core-columns-is-layout-174606dc wp-block-columns-is-layout-flex\">\n<div class=\"wp-block-column is-vertically-aligned-center is-layout-flow wp-block-column-is-layout-flow\">\n<figure class=\"wp-block-image is-style-ext-preset--image--natural-1--image-1--content-right is-style-ext-preset--image--natural-1--image-1--content-right--7\"><img loading=\"lazy\" decoding=\"async\" width=\"1440\" height=\"960\" class=\"wp-image-85\" src=\"https:\/\/saunie.net\/wp-content\/uploads\/2026\/02\/e9123ffdcab3fe2484841c81c7ed52675c136712.jpg\" alt=\"\" style=\"aspect-ratio:1;object-fit:cover\" srcset=\"https:\/\/saunie.net\/wp-content\/uploads\/2026\/02\/e9123ffdcab3fe2484841c81c7ed52675c136712.jpg 1440w, https:\/\/saunie.net\/wp-content\/uploads\/2026\/02\/e9123ffdcab3fe2484841c81c7ed52675c136712-300x200.jpg 300w, https:\/\/saunie.net\/wp-content\/uploads\/2026\/02\/e9123ffdcab3fe2484841c81c7ed52675c136712-1024x683.jpg 1024w, https:\/\/saunie.net\/wp-content\/uploads\/2026\/02\/e9123ffdcab3fe2484841c81c7ed52675c136712-768x512.jpg 768w, https:\/\/saunie.net\/wp-content\/uploads\/2026\/02\/e9123ffdcab3fe2484841c81c7ed52675c136712-18x12.jpg 18w, https:\/\/saunie.net\/wp-content\/uploads\/2026\/02\/e9123ffdcab3fe2484841c81c7ed52675c136712-600x400.jpg 600w\" sizes=\"auto, (max-width: 1440px) 100vw, 1440px\" \/><\/figure>\n<\/div>\n\n\n\n<div class=\"wp-block-column is-vertically-aligned-center is-layout-flow wp-block-column-is-layout-flow\">\n<div class=\"wp-block-group alignwide is-vertical is-layout-flex wp-container-core-group-is-layout-c35747d5 wp-block-group-is-layout-flex\">\n<div class=\"wp-block-group has-global-padding is-layout-constrained wp-container-core-group-is-layout-dd32767c wp-block-group-is-layout-constrained\">\n<h2 class=\"wp-block-heading\">Ekskluzywna czapka do sauny.<\/h2>\n\n\n\n<p>Nasze czapki do sauny wykonane s\u0105 z naturalnej we\u0142ny i lnianej podszewki, \u0142\u0105cz\u0105c nowoczesny design z rzemie\u015blnicz\u0105 jako\u015bci\u0105. Zapewniaj\u0105 komfort podczas rytua\u0142\u00f3w saunowych, poprawiaj\u0105c doznania i dbaj\u0105c o zdrowie sk\u00f3ry. Wybierz trwa\u0142e, ekologiczne akcesoria, kt\u00f3re podkre\u015bl\u0105 Tw\u00f3j styl i wspomog\u0105 relaks w saunie.<\/p>\n<\/div>\n\n\n\n<div class=\"wp-block-buttons is-layout-flex wp-block-buttons-is-layout-flex\">\n<div class=\"wp-block-button is-style-ext-preset--button--natural-1--button-1 is-style-ext-preset--button--natural-1--button-1--8\"><a class=\"wp-block-button__link wp-element-button\" href=\"https:\/\/saunie.net\/en\/sklep\/\">Dodaj do koszyka<\/a><\/div>\n<\/div>\n<\/div>\n<\/div>\n<\/div>\n<\/div>\n\n<div class=\"wp-block-group alignfull is-style-ext-preset--group--natural-1--section has-background-background-color has-background has-global-padding is-layout-constrained wp-container-core-group-is-layout-e955bbaf wp-block-group-is-layout-constrained\" style=\"margin-top:0;margin-bottom:0;padding-top:var(--wp--preset--spacing--70);padding-bottom:var(--wp--preset--spacing--70)\">\n<div class=\"wp-block-group alignwide is-vertical is-content-justification-center is-layout-flex wp-container-core-group-is-layout-c9ee0c5a wp-block-group-is-layout-flex\">\n<div class=\"wp-block-group has-global-padding is-layout-constrained wp-container-core-group-is-layout-5e05634a wp-block-group-is-layout-constrained\">\n<h2 class=\"wp-block-heading has-text-align-center\">Poznaj wyj\u0105tkowe zalety i prawdziwy komfort.<\/h2>\n\n\n\n<p class=\"has-text-align-center\">Galeria prezentuje nasze ekskluzywne czapki do sauny, \u0142\u0105cz\u0105ce naturalne materia\u0142y z nowoczesnym designem.<\/p>\n<\/div>\n<\/div>\n\n\n\n<div class=\"wp-block-columns alignwide is-layout-flex wp-container-core-columns-is-layout-08c01c1c wp-block-columns-is-layout-flex\">\n<div class=\"wp-block-column is-vertically-aligned-stretch is-layout-flow wp-container-core-column-is-layout-f5bb311e wp-block-column-is-layout-flow\">\n<div class=\"wp-block-group is-style-ext-preset--group--natural-1--item-card-1--align-center has-global-padding is-layout-constrained wp-block-group-is-layout-constrained is-style-ext-preset--group--natural-1--item-card-1--align-center--10\">\n<figure class=\"wp-block-image aligncenter size-large ext-aspect-landscape\"><img loading=\"lazy\" decoding=\"async\" width=\"1440\" height=\"1004\" class=\"wp-image-83\" src=\"https:\/\/saunie.net\/wp-content\/uploads\/2026\/02\/ebc1642a2e0c442996edb4b3a7addafa644c09b0.jpg\" alt=\"\" style=\"aspect-ratio:4\/3;object-fit:cover\" srcset=\"https:\/\/saunie.net\/wp-content\/uploads\/2026\/02\/ebc1642a2e0c442996edb4b3a7addafa644c09b0.jpg 1440w, https:\/\/saunie.net\/wp-content\/uploads\/2026\/02\/ebc1642a2e0c442996edb4b3a7addafa644c09b0-300x209.jpg 300w, https:\/\/saunie.net\/wp-content\/uploads\/2026\/02\/ebc1642a2e0c442996edb4b3a7addafa644c09b0-1024x714.jpg 1024w, https:\/\/saunie.net\/wp-content\/uploads\/2026\/02\/ebc1642a2e0c442996edb4b3a7addafa644c09b0-768x535.jpg 768w, https:\/\/saunie.net\/wp-content\/uploads\/2026\/02\/ebc1642a2e0c442996edb4b3a7addafa644c09b0-18x12.jpg 18w, https:\/\/saunie.net\/wp-content\/uploads\/2026\/02\/ebc1642a2e0c442996edb4b3a7addafa644c09b0-600x418.jpg 600w\" sizes=\"auto, (max-width: 1440px) 100vw, 1440px\" \/><\/figure>\n\n\n\n<div class=\"wp-block-group is-style-default has-global-padding is-layout-constrained wp-block-group-is-layout-constrained\">\n<h3 class=\"wp-block-heading has-text-align-center\">Naturalna we\u0142na dla optymalnej ochrony.<\/h3>\n\n\n\n<p class=\"has-text-align-center\">Nasze czapki wykonane s\u0105 z najwy\u017cszej jako\u015bci naturalnej we\u0142ny, kt\u00f3ra zapewnia doskona\u0142\u0105 izolacj\u0119 i komfort podczas seans\u00f3w saunowych.<\/p>\n<\/div>\n<\/div>\n<\/div>\n\n\n\n<div class=\"wp-block-column is-vertically-aligned-stretch is-layout-flow wp-container-core-column-is-layout-f5bb311e wp-block-column-is-layout-flow\">\n<div class=\"wp-block-group is-style-ext-preset--group--natural-1--item-card-1--align-center has-global-padding is-layout-constrained wp-block-group-is-layout-constrained is-style-ext-preset--group--natural-1--item-card-1--align-center--11\">\n<figure class=\"wp-block-image aligncenter size-large ext-aspect-landscape\"><img loading=\"lazy\" decoding=\"async\" width=\"1440\" height=\"960\" class=\"wp-image-90\" src=\"https:\/\/saunie.net\/wp-content\/uploads\/2026\/02\/3833f37e7f0236b5627213db20b5d5ce71d133f6.jpg\" alt=\"\" style=\"aspect-ratio:4\/3;object-fit:cover\" srcset=\"https:\/\/saunie.net\/wp-content\/uploads\/2026\/02\/3833f37e7f0236b5627213db20b5d5ce71d133f6.jpg 1440w, https:\/\/saunie.net\/wp-content\/uploads\/2026\/02\/3833f37e7f0236b5627213db20b5d5ce71d133f6-300x200.jpg 300w, https:\/\/saunie.net\/wp-content\/uploads\/2026\/02\/3833f37e7f0236b5627213db20b5d5ce71d133f6-1024x683.jpg 1024w, https:\/\/saunie.net\/wp-content\/uploads\/2026\/02\/3833f37e7f0236b5627213db20b5d5ce71d133f6-768x512.jpg 768w, https:\/\/saunie.net\/wp-content\/uploads\/2026\/02\/3833f37e7f0236b5627213db20b5d5ce71d133f6-18x12.jpg 18w, https:\/\/saunie.net\/wp-content\/uploads\/2026\/02\/3833f37e7f0236b5627213db20b5d5ce71d133f6-600x400.jpg 600w\" sizes=\"auto, (max-width: 1440px) 100vw, 1440px\" \/><\/figure>\n\n\n\n<div class=\"wp-block-group is-style-default has-global-padding is-layout-constrained wp-block-group-is-layout-constrained\">\n<h3 class=\"wp-block-heading has-text-align-center\">Lniana podszewka dla lepszego komfortu.<\/h3>\n\n\n\n<p class=\"has-text-align-center\">Lniana podszewka gwarantuje przyjemne odczucia na sk\u00f3rze i skuteczne odprowadzanie wilgoci podczas rytua\u0142\u00f3w saunowych.<\/p>\n<\/div>\n<\/div>\n<\/div>\n\n\n\n<div class=\"wp-block-column is-vertically-aligned-stretch is-layout-flow wp-container-core-column-is-layout-f5bb311e wp-block-column-is-layout-flow\">\n<div class=\"wp-block-group is-style-ext-preset--group--natural-1--item-card-1--align-center has-global-padding is-layout-constrained wp-block-group-is-layout-constrained is-style-ext-preset--group--natural-1--item-card-1--align-center--12\">\n<figure class=\"wp-block-image aligncenter size-large ext-aspect-landscape\"><img loading=\"lazy\" decoding=\"async\" width=\"960\" height=\"1440\" class=\"wp-image-87\" src=\"https:\/\/saunie.net\/wp-content\/uploads\/2026\/02\/ba70369ade0c7051c1859ac808cf7aaf29ad7197.jpg\" alt=\"\" style=\"aspect-ratio:4\/3;object-fit:cover\" srcset=\"https:\/\/saunie.net\/wp-content\/uploads\/2026\/02\/ba70369ade0c7051c1859ac808cf7aaf29ad7197.jpg 960w, https:\/\/saunie.net\/wp-content\/uploads\/2026\/02\/ba70369ade0c7051c1859ac808cf7aaf29ad7197-200x300.jpg 200w, https:\/\/saunie.net\/wp-content\/uploads\/2026\/02\/ba70369ade0c7051c1859ac808cf7aaf29ad7197-683x1024.jpg 683w, https:\/\/saunie.net\/wp-content\/uploads\/2026\/02\/ba70369ade0c7051c1859ac808cf7aaf29ad7197-768x1152.jpg 768w, https:\/\/saunie.net\/wp-content\/uploads\/2026\/02\/ba70369ade0c7051c1859ac808cf7aaf29ad7197-8x12.jpg 8w, https:\/\/saunie.net\/wp-content\/uploads\/2026\/02\/ba70369ade0c7051c1859ac808cf7aaf29ad7197-600x900.jpg 600w\" sizes=\"auto, (max-width: 960px) 100vw, 960px\" \/><\/figure>\n\n\n\n<div class=\"wp-block-group is-style-default has-global-padding is-layout-constrained wp-block-group-is-layout-constrained\">\n<h3 class=\"wp-block-heading\">Nowoczesny design i rzemie\u015blnicza precyzja.<\/h3>\n\n\n\n<p class=\"has-text-align-center\">Stylowe wzory i staranne wykonanie sprawiaj\u0105, \u017ce nasze czapki s\u0105 nie tylko praktyczne, lecz tak\u017ce eleganckie i trwa\u0142e.<\/p>\n<\/div>\n<\/div>\n<\/div>\n<\/div>\n\n\n\n<div class=\"wp-block-buttons is-content-justification-center is-layout-flex wp-container-core-buttons-is-layout-a89b3969 wp-block-buttons-is-layout-flex\">\n<div class=\"wp-block-button is-style-ext-preset--button--natural-1--button-1 is-style-ext-preset--button--natural-1--button-1--13\"><a class=\"wp-block-button__link wp-element-button\" href=\"https:\/\/saunie.net\/en\/kontakt\/\">Zobacz kolekcj\u0119<\/a><\/div>\n<\/div>\n<\/div>","protected":false},"excerpt":{"rendered":"<p>Ekskluzywne czapki do sauny klasy premium Galeria przedstawia unikalne zdj\u0119cia naszych naturalnych akcesori\u00f3w saunowych Ekskluzywna czapka do sauny. Nasze czapki do sauny wykonane s\u0105 z naturalnej we\u0142ny i lnianej podszewki, \u0142\u0105cz\u0105c nowoczesny design z rzemie\u015blnicz\u0105 jako\u015bci\u0105. Zapewniaj\u0105 komfort podczas rytua\u0142\u00f3w saunowych, poprawiaj\u0105c doznania i dbaj\u0105c o zdrowie sk\u00f3ry. Wybierz trwa\u0142e, ekologiczne akcesoria, kt\u00f3re podkre\u015bl\u0105 Tw\u00f3j [&hellip;]<\/p>\n","protected":false},"author":1,"featured_media":0,"parent":0,"menu_order":0,"comment_status":"closed","ping_status":"closed","template":"page-with-title","meta":{"footnotes":""},"class_list":["post-52","page","type-page","status-publish","hentry"],"aioseo_notices":[],"_links":{"self":[{"href":"https:\/\/saunie.net\/en\/wp-json\/wp\/v2\/pages\/52","targetHints":{"allow":["GET"]}}],"collection":[{"href":"https:\/\/saunie.net\/en\/wp-json\/wp\/v2\/pages"}],"about":[{"href":"https:\/\/saunie.net\/en\/wp-json\/wp\/v2\/types\/page"}],"author":[{"embeddable":true,"href":"https:\/\/saunie.net\/en\/wp-json\/wp\/v2\/users\/1"}],"replies":[{"embeddable":true,"href":"https:\/\/saunie.net\/en\/wp-json\/wp\/v2\/comments?post=52"}],"version-history":[{"count":2,"href":"https:\/\/saunie.net\/en\/wp-json\/wp\/v2\/pages\/52\/revisions"}],"predecessor-version":[{"id":95,"href":"https:\/\/saunie.net\/en\/wp-json\/wp\/v2\/pages\/52\/revisions\/95"}],"wp:attachment":[{"href":"https:\/\/saunie.net\/en\/wp-json\/wp\/v2\/media?parent=52"}],"curies":[{"name":"wp","href":"https:\/\/api.w.org\/{rel}","templated":true}]}}