{"id":68,"date":"2026-02-14T16:32:26","date_gmt":"2026-02-14T15:32:26","guid":{"rendered":"https:\/\/saunie.net\/produkt\/czapka-saunowa-art\/"},"modified":"2026-02-14T16:32:26","modified_gmt":"2026-02-14T15:32:26","slug":"czapka-saunowa-art","status":"publish","type":"product","link":"https:\/\/saunie.net\/en\/product\/czapka-saunowa-art\/","title":{"rendered":"Czapka Saunowa Art"},"content":{"rendered":"<p>Czapka Art to wyj\u0105tkowy produkt dla os\u00f3b ceni\u0105cych unikalny design. Wykonana z we\u0142ny i lnu, ozdobiona artystycznymi wzorami, zapewnia komfort i styl podczas saunowania.<\/p>","protected":false},"excerpt":{"rendered":"<p>Czapka Art to wyj\u0105tkowy produkt dla os\u00f3b ceni\u0105cych unikalny design. Wykonana z we\u0142ny i lnu, ozdobiona artystycznymi wzorami, zapewnia komfort i styl podczas saunowania.<\/p>","protected":false},"featured_media":0,"comment_status":"open","ping_status":"closed","template":"","meta":[],"product_brand":[],"product_cat":[19],"product_tag":[],"class_list":{"0":"post-68","1":"product","2":"type-product","3":"status-publish","5":"product_cat-czapki-do-sauny","7":"first","8":"instock","9":"shipping-taxable","10":"purchasable","11":"product-type-simple"},"aioseo_notices":[],"_links":{"self":[{"href":"https:\/\/saunie.net\/en\/wp-json\/wp\/v2\/product\/68","targetHints":{"allow":["GET"]}}],"collection":[{"href":"https:\/\/saunie.net\/en\/wp-json\/wp\/v2\/product"}],"about":[{"href":"https:\/\/saunie.net\/en\/wp-json\/wp\/v2\/types\/product"}],"replies":[{"embeddable":true,"href":"https:\/\/saunie.net\/en\/wp-json\/wp\/v2\/comments?post=68"}],"wp:attachment":[{"href":"https:\/\/saunie.net\/en\/wp-json\/wp\/v2\/media?parent=68"}],"wp:term":[{"taxonomy":"product_brand","embeddable":true,"href":"https:\/\/saunie.net\/en\/wp-json\/wp\/v2\/product_brand?post=68"},{"taxonomy":"product_cat","embeddable":true,"href":"https:\/\/saunie.net\/en\/wp-json\/wp\/v2\/product_cat?post=68"},{"taxonomy":"product_tag","embeddable":true,"href":"https:\/\/saunie.net\/en\/wp-json\/wp\/v2\/product_tag?post=68"}],"curies":[{"name":"wp","href":"https:\/\/api.w.org\/{rel}","templated":true}]}}