{"id":51,"date":"2026-02-14T16:31:52","date_gmt":"2026-02-14T15:31:52","guid":{"rendered":"https:\/\/saunie.net\/uslugi\/"},"modified":"2026-02-14T16:33:37","modified_gmt":"2026-02-14T15:33:37","slug":"uslugi","status":"publish","type":"page","link":"https:\/\/saunie.net\/pl_pl\/uslugi\/","title":{"rendered":"Us\u0142ugi"},"content":{"rendered":"\n<div class=\"wp-block-group alignfull is-style-ext-preset--group--natural-1--section has-background-background-color has-background has-global-padding is-layout-constrained wp-block-group-is-layout-constrained\" style=\"margin-top:0;margin-bottom:0;padding-top:var(--wp--preset--spacing--70);padding-bottom:var(--wp--preset--spacing--70)\">\n<div class=\"wp-block-columns alignwide are-vertically-aligned-center is-layout-flex wp-container-core-columns-is-layout-174606dc wp-block-columns-is-layout-flex\">\n<div class=\"wp-block-column is-vertically-aligned-center is-layout-flow wp-block-column-is-layout-flow\">\n<div class=\"wp-block-columns is-layout-flex wp-container-core-columns-is-layout-ea69a204 wp-block-columns-is-layout-flex\">\n<div class=\"wp-block-column is-layout-flow wp-container-core-column-is-layout-22223934 wp-block-column-is-layout-flow\" style=\"flex-basis:136px\">\n<figure class=\"wp-block-image is-style-ext-preset--image--natural-1--image-1--content-left is-style-ext-preset--image--natural-1--image-1--content-left--2\"><img loading=\"lazy\" decoding=\"async\" width=\"1440\" height=\"960\" class=\"wp-image-85\" src=\"https:\/\/saunie.net\/wp-content\/uploads\/2026\/02\/e9123ffdcab3fe2484841c81c7ed52675c136712.jpg\" alt=\"\" style=\"aspect-ratio:1;object-fit:cover\" srcset=\"https:\/\/saunie.net\/wp-content\/uploads\/2026\/02\/e9123ffdcab3fe2484841c81c7ed52675c136712.jpg 1440w, https:\/\/saunie.net\/wp-content\/uploads\/2026\/02\/e9123ffdcab3fe2484841c81c7ed52675c136712-300x200.jpg 300w, https:\/\/saunie.net\/wp-content\/uploads\/2026\/02\/e9123ffdcab3fe2484841c81c7ed52675c136712-1024x683.jpg 1024w, https:\/\/saunie.net\/wp-content\/uploads\/2026\/02\/e9123ffdcab3fe2484841c81c7ed52675c136712-768x512.jpg 768w, https:\/\/saunie.net\/wp-content\/uploads\/2026\/02\/e9123ffdcab3fe2484841c81c7ed52675c136712-18x12.jpg 18w, https:\/\/saunie.net\/wp-content\/uploads\/2026\/02\/e9123ffdcab3fe2484841c81c7ed52675c136712-600x400.jpg 600w\" sizes=\"auto, (max-width: 1440px) 100vw, 1440px\" \/><\/figure>\n\n\n\n<figure class=\"wp-block-image is-style-ext-preset--image--natural-1--image-1--content-left is-style-ext-preset--image--natural-1--image-1--content-left--3\"><img loading=\"lazy\" decoding=\"async\" width=\"1440\" height=\"960\" class=\"wp-image-86\" src=\"https:\/\/saunie.net\/wp-content\/uploads\/2026\/02\/d31f3f288c8c91b09bd1280de6cde6785e65e447.jpg\" alt=\"\" style=\"aspect-ratio:1;object-fit:cover\" srcset=\"https:\/\/saunie.net\/wp-content\/uploads\/2026\/02\/d31f3f288c8c91b09bd1280de6cde6785e65e447.jpg 1440w, https:\/\/saunie.net\/wp-content\/uploads\/2026\/02\/d31f3f288c8c91b09bd1280de6cde6785e65e447-300x200.jpg 300w, https:\/\/saunie.net\/wp-content\/uploads\/2026\/02\/d31f3f288c8c91b09bd1280de6cde6785e65e447-1024x683.jpg 1024w, https:\/\/saunie.net\/wp-content\/uploads\/2026\/02\/d31f3f288c8c91b09bd1280de6cde6785e65e447-768x512.jpg 768w, https:\/\/saunie.net\/wp-content\/uploads\/2026\/02\/d31f3f288c8c91b09bd1280de6cde6785e65e447-18x12.jpg 18w, https:\/\/saunie.net\/wp-content\/uploads\/2026\/02\/d31f3f288c8c91b09bd1280de6cde6785e65e447-600x400.jpg 600w\" sizes=\"auto, (max-width: 1440px) 100vw, 1440px\" \/><\/figure>\n\n\n\n<figure class=\"wp-block-image is-style-ext-preset--image--natural-1--image-1--content-left is-style-ext-preset--image--natural-1--image-1--content-left--4\"><img loading=\"lazy\" decoding=\"async\" width=\"960\" height=\"1440\" class=\"wp-image-87\" src=\"https:\/\/saunie.net\/wp-content\/uploads\/2026\/02\/ba70369ade0c7051c1859ac808cf7aaf29ad7197.jpg\" alt=\"\" style=\"aspect-ratio:1;object-fit:cover\" srcset=\"https:\/\/saunie.net\/wp-content\/uploads\/2026\/02\/ba70369ade0c7051c1859ac808cf7aaf29ad7197.jpg 960w, https:\/\/saunie.net\/wp-content\/uploads\/2026\/02\/ba70369ade0c7051c1859ac808cf7aaf29ad7197-200x300.jpg 200w, https:\/\/saunie.net\/wp-content\/uploads\/2026\/02\/ba70369ade0c7051c1859ac808cf7aaf29ad7197-683x1024.jpg 683w, https:\/\/saunie.net\/wp-content\/uploads\/2026\/02\/ba70369ade0c7051c1859ac808cf7aaf29ad7197-768x1152.jpg 768w, https:\/\/saunie.net\/wp-content\/uploads\/2026\/02\/ba70369ade0c7051c1859ac808cf7aaf29ad7197-8x12.jpg 8w, https:\/\/saunie.net\/wp-content\/uploads\/2026\/02\/ba70369ade0c7051c1859ac808cf7aaf29ad7197-600x900.jpg 600w\" sizes=\"auto, (max-width: 960px) 100vw, 960px\" \/><\/figure>\n\n\n\n<figure class=\"wp-block-image is-style-ext-preset--image--natural-1--image-1--content-left is-style-ext-preset--image--natural-1--image-1--content-left--5\"><img loading=\"lazy\" decoding=\"async\" width=\"1440\" height=\"960\" class=\"wp-image-88\" src=\"https:\/\/saunie.net\/wp-content\/uploads\/2026\/02\/79d26067f764cd793bd0ff8192f010d8e334362e.jpg\" alt=\"\" style=\"aspect-ratio:1;object-fit:cover\" srcset=\"https:\/\/saunie.net\/wp-content\/uploads\/2026\/02\/79d26067f764cd793bd0ff8192f010d8e334362e.jpg 1440w, https:\/\/saunie.net\/wp-content\/uploads\/2026\/02\/79d26067f764cd793bd0ff8192f010d8e334362e-300x200.jpg 300w, https:\/\/saunie.net\/wp-content\/uploads\/2026\/02\/79d26067f764cd793bd0ff8192f010d8e334362e-1024x683.jpg 1024w, https:\/\/saunie.net\/wp-content\/uploads\/2026\/02\/79d26067f764cd793bd0ff8192f010d8e334362e-768x512.jpg 768w, https:\/\/saunie.net\/wp-content\/uploads\/2026\/02\/79d26067f764cd793bd0ff8192f010d8e334362e-18x12.jpg 18w, https:\/\/saunie.net\/wp-content\/uploads\/2026\/02\/79d26067f764cd793bd0ff8192f010d8e334362e-600x400.jpg 600w\" sizes=\"auto, (max-width: 1440px) 100vw, 1440px\" \/><\/figure>\n<\/div>\n\n\n\n<div class=\"wp-block-column is-layout-flow wp-block-column-is-layout-flow\">\n<div class=\"wp-block-cover is-style-ext-preset--image--natural-1--image-1--content-right is-style-ext-preset--image--natural-1--image-1--content-right--6\" style=\"padding-top:0;padding-bottom:0;min-height:100%;aspect-ratio:unset;\"><img loading=\"lazy\" decoding=\"async\" width=\"1440\" height=\"976\" class=\"wp-block-cover__image-background wp-image-89\" alt=\"\" src=\"https:\/\/saunie.net\/wp-content\/uploads\/2026\/02\/26c2d61f8e15ce5eeb52f62d6f8bedd39e04015c.jpg\" data-object-fit=\"cover\" srcset=\"https:\/\/saunie.net\/wp-content\/uploads\/2026\/02\/26c2d61f8e15ce5eeb52f62d6f8bedd39e04015c.jpg 1440w, https:\/\/saunie.net\/wp-content\/uploads\/2026\/02\/26c2d61f8e15ce5eeb52f62d6f8bedd39e04015c-300x203.jpg 300w, https:\/\/saunie.net\/wp-content\/uploads\/2026\/02\/26c2d61f8e15ce5eeb52f62d6f8bedd39e04015c-1024x694.jpg 1024w, https:\/\/saunie.net\/wp-content\/uploads\/2026\/02\/26c2d61f8e15ce5eeb52f62d6f8bedd39e04015c-768x521.jpg 768w, https:\/\/saunie.net\/wp-content\/uploads\/2026\/02\/26c2d61f8e15ce5eeb52f62d6f8bedd39e04015c-18x12.jpg 18w, https:\/\/saunie.net\/wp-content\/uploads\/2026\/02\/26c2d61f8e15ce5eeb52f62d6f8bedd39e04015c-600x407.jpg 600w\" sizes=\"auto, (max-width: 1440px) 100vw, 1440px\" \/><span aria-hidden=\"true\" class=\"wp-block-cover__background has-background-dim-0 has-background-dim\"><\/span><div class=\"wp-block-cover__inner-container is-layout-flow wp-block-cover-is-layout-flow\">\n<div style=\"height:240px\" aria-hidden=\"true\" class=\"wp-block-spacer\"><\/div>\n<\/div><\/div>\n<\/div>\n<\/div>\n<\/div>\n\n\n\n<div class=\"wp-block-column is-vertically-aligned-center is-layout-flow wp-block-column-is-layout-flow\">\n<div class=\"wp-block-group alignwide is-vertical is-layout-flex wp-container-core-group-is-layout-c35747d5 wp-block-group-is-layout-flex\">\n<div class=\"wp-block-group has-global-padding is-layout-constrained wp-container-core-group-is-layout-dd32767c wp-block-group-is-layout-constrained\">\n<h2 class=\"wp-block-heading\">Ekskluzywna czapka do sauny.<\/h2>\n\n\n\n<p>Nasza czapka do sauny \u0142\u0105czy naturaln\u0105 we\u0142n\u0119 z lnian\u0105 podszewk\u0105, oferuj\u0105c komfort i trwa\u0142o\u015b\u0107 podczas rytua\u0142\u00f3w saunowych. Dzi\u0119ki nowoczesnemu designowi i rzemie\u015blniczemu wykonaniu zapewnia wyj\u0105tkow\u0105 ochron\u0119 oraz styl. Idealna dla os\u00f3b ceni\u0105cych zdrowie i ekologi\u0119, poprawia komfort i wspiera relaks.<\/p>\n<\/div>\n\n\n\n<div class=\"wp-block-buttons is-layout-flex wp-block-buttons-is-layout-flex\">\n<div class=\"wp-block-button is-style-ext-preset--button--natural-1--button-1 is-style-ext-preset--button--natural-1--button-1--7\"><a class=\"wp-block-button__link wp-element-button\" href=\"https:\/\/saunie.net\/sklep\">Dodaj do koszyka<\/a><\/div>\n<\/div>\n<\/div>\n<\/div>\n<\/div>\n<\/div>\n\n<div class=\"wp-block-group alignfull is-style-ext-preset--group--natural-1--section has-tertiary-background-color has-background has-global-padding is-layout-constrained wp-container-core-group-is-layout-e955bbaf wp-block-group-is-layout-constrained\" id=\"funkcje\" style=\"margin-top:0;margin-bottom:0;padding-top:var(--wp--preset--spacing--70);padding-bottom:var(--wp--preset--spacing--70)\">\n<div class=\"wp-block-group alignwide is-vertical is-layout-flex wp-container-core-group-is-layout-c35747d5 wp-block-group-is-layout-flex\">\n<div class=\"wp-block-group has-global-padding is-layout-constrained wp-container-core-group-is-layout-5e05634a wp-block-group-is-layout-constrained\">\n<h2 class=\"wp-block-heading\">Ekskluzywne czapki do sauny z naturalnej we\u0142ny<\/h2>\n\n\n\n<p class=\"has-text-align-left\">Odkryj wyj\u0105tkow\u0105 jako\u015b\u0107 i nowoczesny design naszych czapek do sauny, kt\u00f3re zapewniaj\u0105 komfort i styl podczas rytua\u0142\u00f3w saunowych.<\/p>\n<\/div>\n<\/div>\n\n\n\n<div class=\"wp-block-columns alignwide is-layout-flex wp-container-core-columns-is-layout-08c01c1c wp-block-columns-is-layout-flex\">\n<div class=\"wp-block-column is-vertically-aligned-stretch is-layout-flow wp-container-core-column-is-layout-f5bb311e wp-block-column-is-layout-flow\">\n<div class=\"wp-block-group is-style-ext-preset--group--natural-1--item-card-1--align-start has-global-padding is-layout-constrained wp-block-group-is-layout-constrained is-style-ext-preset--group--natural-1--item-card-1--align-start--9\">\n<div class=\"wp-block-group is-style-default has-global-padding is-layout-constrained wp-block-group-is-layout-constrained\">\n<div class=\"wp-block-group is-nowrap is-layout-flex wp-container-core-group-is-layout-64fa2afa wp-block-group-is-layout-flex\" style=\"padding-top:0;padding-right:0;padding-bottom:0;padding-left:0\">\n<figure class=\"wp-block-image size-large ext-aspect-landscape wp-duotone-primary-foreground\"><img decoding=\"async\" src=\"data:image\/svg+xml;base64,PHN2ZyB4bWxucz0iaHR0cDovL3d3dy53My5vcmcvMjAwMC9zdmciIHdpZHRoPSI0OCIgaGVpZ2h0PSI0OCIgZmlsbD0iIzAwMDAwMCIgdmlld0JveD0iMCAwIDI1NiAyNTYiPjxwYXRoIGQ9Ik0xNzIsNzZhNDQsNDQsMCwxLDAtNDQsNDRBNDQuMDUsNDQuMDUsMCwwLDAsMTcyLDc2Wm0tNDQsMjhhMjgsMjgsMCwxLDEsMjgtMjhBMjgsMjgsMCwwLDEsMTI4LDEwNFptNjAsMjRhNDQsNDQsMCwxLDAsNDQsNDRBNDQuMDUsNDQuMDUsMCwwLDAsMTg4LDEyOFptMCw3MmEyOCwyOCwwLDEsMSwyOC0yOEEyOCwyOCwwLDAsMSwxODgsMjAwWk02OCwxMjhhNDQsNDQsMCwxLDAsNDQsNDRBNDQuMDUsNDQuMDUsMCwwLDAsNjgsMTI4Wm0wLDcyYTI4LDI4LDAsMSwxLDI4LTI4QTI4LDI4LDAsMCwxLDY4LDIwMFoiPjwvcGF0aD48L3N2Zz4=\" alt=\"\" style=\"object-fit:cover\"\/><\/figure>\n\n\n\n<div class=\"wp-block-group wp-container-content-958eb9dc has-global-padding is-layout-constrained wp-container-core-group-is-layout-c06d165c wp-block-group-is-layout-constrained\" style=\"padding-top:0;padding-right:0;padding-bottom:0;padding-left:0\">\n<h3 class=\"wp-block-heading\">Naturalne materia\u0142y<\/h3>\n\n\n\n<p>Czapki wykonane z wysokogatunkowej we\u0142ny i lnianej podszewki dla optymalnej oddychalno\u015bci.<\/p>\n<\/div>\n<\/div>\n<\/div>\n<\/div>\n<\/div>\n\n\n\n<div class=\"wp-block-column is-vertically-aligned-stretch is-layout-flow wp-container-core-column-is-layout-f5bb311e wp-block-column-is-layout-flow\">\n<div class=\"wp-block-group is-style-ext-preset--group--natural-1--item-card-1--align-start has-global-padding is-layout-constrained wp-block-group-is-layout-constrained is-style-ext-preset--group--natural-1--item-card-1--align-start--10\">\n<div class=\"wp-block-group is-style-default has-global-padding is-layout-constrained wp-block-group-is-layout-constrained\">\n<div class=\"wp-block-group is-nowrap is-layout-flex wp-container-core-group-is-layout-64fa2afa wp-block-group-is-layout-flex\" style=\"padding-top:0;padding-right:0;padding-bottom:0;padding-left:0\">\n<figure class=\"wp-block-image size-large ext-aspect-landscape wp-duotone-primary-foreground\"><img decoding=\"async\" src=\"data:image\/svg+xml;base64,PHN2ZyB4bWxucz0iaHR0cDovL3d3dy53My5vcmcvMjAwMC9zdmciIHdpZHRoPSI0OCIgaGVpZ2h0PSI0OCIgZmlsbD0iIzAwMDAwMCIgdmlld0JveD0iMCAwIDI1NiAyNTYiPjxwYXRoIGQ9Ik04MCw0MGE0MCw0MCwwLDEsMCw0MCw0MEE0MCw0MCwwLDAsMCw4MCw0MFptMCw2NGEyNCwyNCwwLDEsMSwyNC0yNEEyNCwyNCwwLDAsMSw4MCwxMDRabTk2LDE2YTQwLDQwLDAsMSwwLTQwLTQwQTQwLDQwLDAsMCwwLDE3NiwxMjBabTAtNjRhMjQsMjQsMCwxLDEtMjQsMjRBMjQsMjQsMCwwLDEsMTc2LDU2Wk04MCwxMzZhNDAsNDAsMCwxLDAsNDAsNDBBNDAsNDAsMCwwLDAsODAsMTM2Wm0wLDY0YTI0LDI0LDAsMSwxLDI0LTI0QTI0LDI0LDAsMCwxLDgwLDIwMFptOTYtNjRhNDAsNDAsMCwxLDAsNDAsNDBBNDAsNDAsMCwwLDAsMTc2LDEzNlptMCw2NGEyNCwyNCwwLDEsMSwyNC0yNEEyNCwyNCwwLDAsMSwxNzYsMjAwWiI+PC9wYXRoPjwvc3ZnPg==\" alt=\"\" style=\"object-fit:cover\"\/><\/figure>\n\n\n\n<div class=\"wp-block-group wp-container-content-958eb9dc has-global-padding is-layout-constrained wp-container-core-group-is-layout-c06d165c wp-block-group-is-layout-constrained\" style=\"padding-top:0;padding-right:0;padding-bottom:0;padding-left:0\">\n<h3 class=\"wp-block-heading\">Rzemie\u015blnicza jako\u015b\u0107<\/h3>\n\n\n\n<p>Ka\u017cdy produkt powstaje z dba\u0142o\u015bci\u0105 o detale, \u0142\u0105cz\u0105c tradycj\u0119 z nowoczesnym wzornictwem.<\/p>\n<\/div>\n<\/div>\n<\/div>\n<\/div>\n<\/div>\n\n\n\n<div class=\"wp-block-column is-vertically-aligned-stretch is-layout-flow wp-container-core-column-is-layout-f5bb311e wp-block-column-is-layout-flow\">\n<div class=\"wp-block-group is-style-ext-preset--group--natural-1--item-card-1--align-start has-global-padding is-layout-constrained wp-block-group-is-layout-constrained is-style-ext-preset--group--natural-1--item-card-1--align-start--11\">\n<div class=\"wp-block-group is-style-default has-global-padding is-layout-constrained wp-block-group-is-layout-constrained\">\n<div class=\"wp-block-group is-nowrap is-layout-flex wp-container-core-group-is-layout-64fa2afa wp-block-group-is-layout-flex\" style=\"padding-top:0;padding-right:0;padding-bottom:0;padding-left:0\">\n<figure class=\"wp-block-image size-large ext-aspect-landscape wp-duotone-primary-foreground\"><img decoding=\"async\" src=\"data:image\/svg+xml;base64,PHN2ZyB4bWxucz0iaHR0cDovL3d3dy53My5vcmcvMjAwMC9zdmciIHdpZHRoPSI0OCIgaGVpZ2h0PSI0OCIgZmlsbD0iIzAwMDAwMCIgdmlld0JveD0iMCAwIDI1NiAyNTYiPjxwYXRoIGQ9Ik04MCw0MGE0MCw0MCwwLDEsMCw0MCw0MEE0MCw0MCwwLDAsMCw4MCw0MFptMCw2NGEyNCwyNCwwLDEsMSwyNC0yNEEyNCwyNCwwLDAsMSw4MCwxMDRabTk2LDE2YTQwLDQwLDAsMSwwLTQwLTQwQTQwLDQwLDAsMCwwLDE3NiwxMjBabTAtNjRhMjQsMjQsMCwxLDEtMjQsMjRBMjQsMjQsMCwwLDEsMTc2LDU2Wk04MCwxMzZhNDAsNDAsMCwxLDAsNDAsNDBBNDAsNDAsMCwwLDAsODAsMTM2Wm0wLDY0YTI0LDI0LDAsMSwxLDI0LTI0QTI0LDI0LDAsMCwxLDgwLDIwMFptMTM2LTI0YTgsOCwwLDAsMS04LDhIMTg0djI0YTgsOCwwLDAsMS0xNiwwVjE4NEgxNDRhOCw4LDAsMCwxLDAtMTZoMjRWMTQ0YTgsOCwwLDAsMSwxNiwwdjI0aDI0QTgsOCwwLDAsMSwyMTYsMTc2WiI+PC9wYXRoPjwvc3ZnPg==\" alt=\"\" style=\"object-fit:cover\"\/><\/figure>\n\n\n\n<div class=\"wp-block-group wp-container-content-958eb9dc has-global-padding is-layout-constrained wp-container-core-group-is-layout-c06d165c wp-block-group-is-layout-constrained\" style=\"padding-top:0;padding-right:0;padding-bottom:0;padding-left:0\">\n<h3 class=\"wp-block-heading\">Komfort i styl<\/h3>\n\n\n\n<p>Nasze akcesoria gwarantuj\u0105 wygod\u0119 oraz elegancki wygl\u0105d podczas korzystania z sauny.<\/p>\n<\/div>\n<\/div>\n<\/div>\n<\/div>\n<\/div>\n<\/div>\n<\/div>\n\n<div class=\"wp-block-group alignfull is-style-ext-preset--group--natural-1--section has-background-background-color has-background has-global-padding is-layout-constrained wp-container-core-group-is-layout-e955bbaf wp-block-group-is-layout-constrained\" style=\"margin-top:0;margin-bottom:0;padding-top:var(--wp--preset--spacing--70);padding-bottom:var(--wp--preset--spacing--70)\">\n<div class=\"wp-block-group alignwide is-vertical is-content-justification-center is-layout-flex wp-container-core-group-is-layout-c9ee0c5a wp-block-group-is-layout-flex\">\n<div class=\"wp-block-group has-global-padding is-layout-constrained wp-container-core-group-is-layout-5e05634a wp-block-group-is-layout-constrained\">\n<h2 class=\"wp-block-heading has-text-align-center\">Do\u015bwiadcz komfortu i stylu dzi\u0119ki naszym ekskluzywnym czapkom do sauny.<\/h2>\n\n\n\n<p class=\"has-text-align-center\">Odkryj, jak naturalne materia\u0142y i rzemie\u015blnicza jako\u015b\u0107 \u0142\u0105cz\u0105 si\u0119, by zwi\u0119kszy\u0107 komfort rytua\u0142\u00f3w saunowych.<\/p>\n<\/div>\n<\/div>\n\n\n\n<div class=\"wp-block-columns alignwide is-layout-flex wp-container-core-columns-is-layout-08c01c1c wp-block-columns-is-layout-flex\">\n<div class=\"wp-block-column is-vertically-aligned-stretch is-layout-flow wp-container-core-column-is-layout-f5bb311e wp-block-column-is-layout-flow\">\n<div class=\"wp-block-group is-style-ext-preset--group--natural-1--item-card-1--align-center has-global-padding is-layout-constrained wp-block-group-is-layout-constrained is-style-ext-preset--group--natural-1--item-card-1--align-center--13\">\n<figure class=\"wp-block-image aligncenter size-large ext-aspect-landscape\"><img loading=\"lazy\" decoding=\"async\" width=\"1440\" height=\"1004\" class=\"wp-image-83\" src=\"https:\/\/saunie.net\/wp-content\/uploads\/2026\/02\/ebc1642a2e0c442996edb4b3a7addafa644c09b0.jpg\" alt=\"\" style=\"aspect-ratio:4\/3;object-fit:cover\" srcset=\"https:\/\/saunie.net\/wp-content\/uploads\/2026\/02\/ebc1642a2e0c442996edb4b3a7addafa644c09b0.jpg 1440w, https:\/\/saunie.net\/wp-content\/uploads\/2026\/02\/ebc1642a2e0c442996edb4b3a7addafa644c09b0-300x209.jpg 300w, https:\/\/saunie.net\/wp-content\/uploads\/2026\/02\/ebc1642a2e0c442996edb4b3a7addafa644c09b0-1024x714.jpg 1024w, https:\/\/saunie.net\/wp-content\/uploads\/2026\/02\/ebc1642a2e0c442996edb4b3a7addafa644c09b0-768x535.jpg 768w, https:\/\/saunie.net\/wp-content\/uploads\/2026\/02\/ebc1642a2e0c442996edb4b3a7addafa644c09b0-18x12.jpg 18w, https:\/\/saunie.net\/wp-content\/uploads\/2026\/02\/ebc1642a2e0c442996edb4b3a7addafa644c09b0-600x418.jpg 600w\" sizes=\"auto, (max-width: 1440px) 100vw, 1440px\" \/><\/figure>\n\n\n\n<div class=\"wp-block-group is-style-default has-global-padding is-layout-constrained wp-block-group-is-layout-constrained\">\n<h3 class=\"wp-block-heading has-text-align-center\">Naturalna we\u0142na dla optymalnej izolacji i oddychalno\u015bci.<\/h3>\n\n\n\n<p class=\"has-text-align-center\">Nasze czapki wykonane s\u0105 z naturalnej we\u0142ny, kt\u00f3ra zapewnia doskona\u0142\u0105 ochron\u0119 przed wysok\u0105 temperatur\u0105, utrzymuj\u0105c komfort podczas saunowania.<\/p>\n<\/div>\n<\/div>\n<\/div>\n\n\n\n<div class=\"wp-block-column is-vertically-aligned-stretch is-layout-flow wp-container-core-column-is-layout-f5bb311e wp-block-column-is-layout-flow\">\n<div class=\"wp-block-group is-style-ext-preset--group--natural-1--item-card-1--align-center has-global-padding is-layout-constrained wp-block-group-is-layout-constrained is-style-ext-preset--group--natural-1--item-card-1--align-center--14\">\n<figure class=\"wp-block-image aligncenter size-large ext-aspect-landscape\"><img loading=\"lazy\" decoding=\"async\" width=\"1440\" height=\"960\" class=\"wp-image-90\" src=\"https:\/\/saunie.net\/wp-content\/uploads\/2026\/02\/3833f37e7f0236b5627213db20b5d5ce71d133f6.jpg\" alt=\"\" style=\"aspect-ratio:4\/3;object-fit:cover\" srcset=\"https:\/\/saunie.net\/wp-content\/uploads\/2026\/02\/3833f37e7f0236b5627213db20b5d5ce71d133f6.jpg 1440w, https:\/\/saunie.net\/wp-content\/uploads\/2026\/02\/3833f37e7f0236b5627213db20b5d5ce71d133f6-300x200.jpg 300w, https:\/\/saunie.net\/wp-content\/uploads\/2026\/02\/3833f37e7f0236b5627213db20b5d5ce71d133f6-1024x683.jpg 1024w, https:\/\/saunie.net\/wp-content\/uploads\/2026\/02\/3833f37e7f0236b5627213db20b5d5ce71d133f6-768x512.jpg 768w, https:\/\/saunie.net\/wp-content\/uploads\/2026\/02\/3833f37e7f0236b5627213db20b5d5ce71d133f6-18x12.jpg 18w, https:\/\/saunie.net\/wp-content\/uploads\/2026\/02\/3833f37e7f0236b5627213db20b5d5ce71d133f6-600x400.jpg 600w\" sizes=\"auto, (max-width: 1440px) 100vw, 1440px\" \/><\/figure>\n\n\n\n<div class=\"wp-block-group is-style-default has-global-padding is-layout-constrained wp-block-group-is-layout-constrained\">\n<h3 class=\"wp-block-heading has-text-align-center\">Lniana podszewka zapewniaj\u0105ca delikatno\u015b\u0107 i trwa\u0142o\u015b\u0107.<\/h3>\n\n\n\n<p class=\"has-text-align-center\">Lniana podszewka zwi\u0119ksza komfort u\u017cytkowania, zapobiega podra\u017cnieniom sk\u00f3ry i podnosi wytrzyma\u0142o\u015b\u0107 produktu na d\u0142ugie lata.<\/p>\n<\/div>\n<\/div>\n<\/div>\n\n\n\n<div class=\"wp-block-column is-vertically-aligned-stretch is-layout-flow wp-container-core-column-is-layout-f5bb311e wp-block-column-is-layout-flow\">\n<div class=\"wp-block-group is-style-ext-preset--group--natural-1--item-card-1--align-center has-global-padding is-layout-constrained wp-block-group-is-layout-constrained is-style-ext-preset--group--natural-1--item-card-1--align-center--15\">\n<figure class=\"wp-block-image aligncenter size-large ext-aspect-landscape\"><img loading=\"lazy\" decoding=\"async\" width=\"960\" height=\"1440\" class=\"wp-image-87\" src=\"https:\/\/saunie.net\/wp-content\/uploads\/2026\/02\/ba70369ade0c7051c1859ac808cf7aaf29ad7197.jpg\" alt=\"\" style=\"aspect-ratio:4\/3;object-fit:cover\" srcset=\"https:\/\/saunie.net\/wp-content\/uploads\/2026\/02\/ba70369ade0c7051c1859ac808cf7aaf29ad7197.jpg 960w, https:\/\/saunie.net\/wp-content\/uploads\/2026\/02\/ba70369ade0c7051c1859ac808cf7aaf29ad7197-200x300.jpg 200w, https:\/\/saunie.net\/wp-content\/uploads\/2026\/02\/ba70369ade0c7051c1859ac808cf7aaf29ad7197-683x1024.jpg 683w, https:\/\/saunie.net\/wp-content\/uploads\/2026\/02\/ba70369ade0c7051c1859ac808cf7aaf29ad7197-768x1152.jpg 768w, https:\/\/saunie.net\/wp-content\/uploads\/2026\/02\/ba70369ade0c7051c1859ac808cf7aaf29ad7197-8x12.jpg 8w, https:\/\/saunie.net\/wp-content\/uploads\/2026\/02\/ba70369ade0c7051c1859ac808cf7aaf29ad7197-600x900.jpg 600w\" sizes=\"auto, (max-width: 960px) 100vw, 960px\" \/><\/figure>\n\n\n\n<div class=\"wp-block-group is-style-default has-global-padding is-layout-constrained wp-block-group-is-layout-constrained\">\n<h3 class=\"wp-block-heading\">Nowoczesny design \u0142\u0105cz\u0105cy tradycj\u0119 z mod\u0105.<\/h3>\n\n\n\n<p class=\"has-text-align-center\">Nasze czapki \u0142\u0105cz\u0105 klasyczne rzemios\u0142o z nowoczesnym stylem, co czyni je nie tylko praktycznymi, ale i modnymi dodatkami do ka\u017cdej sauny.<\/p>\n<\/div>\n<\/div>\n<\/div>\n<\/div>\n\n\n\n<div class=\"wp-block-buttons is-content-justification-center is-layout-flex wp-container-core-buttons-is-layout-a89b3969 wp-block-buttons-is-layout-flex\">\n<div class=\"wp-block-button is-style-ext-preset--button--natural-1--button-1 is-style-ext-preset--button--natural-1--button-1--16\"><a class=\"wp-block-button__link wp-element-button\" href=\"https:\/\/saunie.net\/galeria\">Poznaj szczeg\u00f3\u0142y<\/a><\/div>\n<\/div>\n<\/div>\n","protected":false},"excerpt":{"rendered":"<p>Ekskluzywna czapka do sauny. Nasza czapka do sauny \u0142\u0105czy naturaln\u0105 we\u0142n\u0119 z lnian\u0105 podszewk\u0105, oferuj\u0105c komfort i trwa\u0142o\u015b\u0107 podczas rytua\u0142\u00f3w saunowych. Dzi\u0119ki nowoczesnemu designowi i rzemie\u015blniczemu wykonaniu zapewnia wyj\u0105tkow\u0105 ochron\u0119 oraz styl. Idealna dla os\u00f3b ceni\u0105cych zdrowie i ekologi\u0119, poprawia komfort i wspiera relaks. Ekskluzywne czapki do sauny z naturalnej we\u0142ny Odkryj wyj\u0105tkow\u0105 jako\u015b\u0107 i [&hellip;]<\/p>\n","protected":false},"author":1,"featured_media":0,"parent":0,"menu_order":0,"comment_status":"closed","ping_status":"closed","template":"page-with-title","meta":{"footnotes":""},"class_list":["post-51","page","type-page","status-publish","hentry"],"aioseo_notices":[],"_links":{"self":[{"href":"https:\/\/saunie.net\/pl_pl\/wp-json\/wp\/v2\/pages\/51","targetHints":{"allow":["GET"]}}],"collection":[{"href":"https:\/\/saunie.net\/pl_pl\/wp-json\/wp\/v2\/pages"}],"about":[{"href":"https:\/\/saunie.net\/pl_pl\/wp-json\/wp\/v2\/types\/page"}],"author":[{"embeddable":true,"href":"https:\/\/saunie.net\/pl_pl\/wp-json\/wp\/v2\/users\/1"}],"replies":[{"embeddable":true,"href":"https:\/\/saunie.net\/pl_pl\/wp-json\/wp\/v2\/comments?post=51"}],"version-history":[{"count":2,"href":"https:\/\/saunie.net\/pl_pl\/wp-json\/wp\/v2\/pages\/51\/revisions"}],"predecessor-version":[{"id":91,"href":"https:\/\/saunie.net\/pl_pl\/wp-json\/wp\/v2\/pages\/51\/revisions\/91"}],"wp:attachment":[{"href":"https:\/\/saunie.net\/pl_pl\/wp-json\/wp\/v2\/media?parent=51"}],"curies":[{"name":"wp","href":"https:\/\/api.w.org\/{rel}","templated":true}]}}