{"id":73,"date":"2026-02-14T16:32:26","date_gmt":"2026-02-14T15:32:26","guid":{"rendered":"https:\/\/saunie.net\/produkt\/czapka-saunowa-boho\/"},"modified":"2026-02-14T16:32:26","modified_gmt":"2026-02-14T15:32:26","slug":"czapka-saunowa-boho","status":"publish","type":"product","link":"https:\/\/saunie.net\/pl_pl\/produkt\/czapka-saunowa-boho\/","title":{"rendered":"Czapka Saunowa Boho"},"content":{"rendered":"<p>Czapka Boho to produkt dla os\u00f3b ceni\u0105cych swobodny styl. Wykonana z we\u0142ny i lnu, ozdobiona boho wzorami, zapewnia komfort i unikalny wygl\u0105d podczas saunowania.<\/p>\n","protected":false},"excerpt":{"rendered":"<p>Czapka Boho to produkt dla os\u00f3b ceni\u0105cych swobodny styl. Wykonana z we\u0142ny i lnu, ozdobiona boho wzorami, zapewnia komfort i unikalny wygl\u0105d podczas saunowania.<\/p>\n","protected":false},"featured_media":0,"comment_status":"open","ping_status":"closed","template":"","meta":[],"product_brand":[],"product_cat":[19],"product_tag":[],"class_list":{"0":"post-73","1":"product","2":"type-product","3":"status-publish","5":"product_cat-czapki-do-sauny","7":"first","8":"instock","9":"shipping-taxable","10":"purchasable","11":"product-type-simple"},"aioseo_notices":[],"_links":{"self":[{"href":"https:\/\/saunie.net\/pl_pl\/wp-json\/wp\/v2\/product\/73","targetHints":{"allow":["GET"]}}],"collection":[{"href":"https:\/\/saunie.net\/pl_pl\/wp-json\/wp\/v2\/product"}],"about":[{"href":"https:\/\/saunie.net\/pl_pl\/wp-json\/wp\/v2\/types\/product"}],"replies":[{"embeddable":true,"href":"https:\/\/saunie.net\/pl_pl\/wp-json\/wp\/v2\/comments?post=73"}],"wp:attachment":[{"href":"https:\/\/saunie.net\/pl_pl\/wp-json\/wp\/v2\/media?parent=73"}],"wp:term":[{"taxonomy":"product_brand","embeddable":true,"href":"https:\/\/saunie.net\/pl_pl\/wp-json\/wp\/v2\/product_brand?post=73"},{"taxonomy":"product_cat","embeddable":true,"href":"https:\/\/saunie.net\/pl_pl\/wp-json\/wp\/v2\/product_cat?post=73"},{"taxonomy":"product_tag","embeddable":true,"href":"https:\/\/saunie.net\/pl_pl\/wp-json\/wp\/v2\/product_tag?post=73"}],"curies":[{"name":"wp","href":"https:\/\/api.w.org\/{rel}","templated":true}]}}